{"id":9178,"date":"2026-03-30T19:37:10","date_gmt":"2026-03-30T18:37:10","guid":{"rendered":"https:\/\/www.pitbikemoravia.cz\/?page_id=9178"},"modified":"2026-03-30T20:04:49","modified_gmt":"2026-03-30T19:04:49","slug":"vysledky","status":"publish","type":"page","link":"https:\/\/www.pitbikemoravia.cz\/?page_id=9178","title":{"rendered":"V\u00ddSLEDKY Z\u00c1VOD\u016e"},"content":{"rendered":"\n<p class=\"has-text-align-center has-medium-font-size\">Pravideln\u00e1 porce v\u00fdsledk\u016f za jednotliv\u00e9 sezony : klikni na odkaz a najdi svou kategorii.<\/p>\n\n\n\n<p class=\"has-text-align-center has-vivid-red-color has-text-color has-link-color has-medium-font-size wp-elements-b30e34f6f4cb92f8d23c1d47b33b242b\"><a href=\"https:\/\/docs.google.com\/spreadsheets\/d\/1gqgvFJnD-LgUXM3oI8dVCxLh3lc04h6R8-q44sCyAWA\/edit?usp=drive_link\" title=\"\"><strong>sezona 2026<\/strong><\/a><\/p>\n\n\n\n<p class=\"has-text-align-center has-medium-font-size\"><a href=\"https:\/\/docs.google.com\/spreadsheets\/d\/1EKq3X8BkkH-Godh1Ix4jHYfN_4ukm0ZTPjhNKbe7Nmk\/edit?usp=drive_link\" title=\"\"><strong>sezona 2025<\/strong><\/a><\/p>\n\n\n\n<p class=\"has-text-align-center has-medium-font-size\"><a href=\"https:\/\/docs.google.com\/spreadsheets\/d\/1BWPnj3VTbRLuIYnsiyjnYXOYDLtUuPCTyYu8PiyranY\/edit?usp=drive_link\" title=\"\"><strong>sezona 2024<\/strong><\/a><\/p>\n\n\n\n<p class=\"has-text-align-center has-medium-font-size\"><a href=\"https:\/\/docs.google.com\/spreadsheets\/d\/1x-VhfcOTvHEXVmGsTKDVPOf1oOeDesqDBj9V4X6n3Dw\/edit?usp=drive_link\" title=\"\"><strong>sezona 2023<\/strong><\/a><\/p>\n\n\n\n<p class=\"has-text-align-center has-medium-font-size\"><a href=\"https:\/\/docs.google.com\/spreadsheets\/d\/1i-fY45KhhMLa-d6d9-lj2YGa_6D6SU_HeLbVR6gvb8Y\/edit?usp=drive_link\" title=\"\"><strong>sezona 2022<\/strong><\/a><\/p>\n\n\n\n<p class=\"has-text-align-center has-medium-font-size\"><a href=\"https:\/\/docs.google.com\/spreadsheets\/d\/1Bkq0R0ed9k38xrFKOLeDScF-7xknlseoOnlhBn24vVg\/edit?usp=drive_link\" title=\"\"><strong>sezona 2021<\/strong><\/a><\/p>\n\n\n\n<p><\/p>\n","protected":false},"excerpt":{"rendered":"<div class=\"mh-excerpt\"><p>Pravideln\u00e1 porce v\u00fdsledk\u016f za jednotliv\u00e9 sezony : klikni na odkaz a najdi svou kategorii. sezona 2026 sezona 2025 sezona 2024 sezona 2023 sezona 2022 sezona <a class=\"mh-excerpt-more\" href=\"https:\/\/www.pitbikemoravia.cz\/?page_id=9178\" title=\"V\u00ddSLEDKY Z\u00c1VOD\u016e\">[&#8230;]<\/a><\/p>\n<\/div>","protected":false},"author":24098,"featured_media":0,"parent":0,"menu_order":0,"comment_status":"closed","ping_status":"closed","template":"","meta":{"ngg_post_thumbnail":0,"footnotes":""},"class_list":["post-9178","page","type-page","status-publish","hentry"],"aioseo_notices":[],"_links":{"self":[{"href":"https:\/\/www.pitbikemoravia.cz\/index.php?rest_route=\/wp\/v2\/pages\/9178","targetHints":{"allow":["GET"]}}],"collection":[{"href":"https:\/\/www.pitbikemoravia.cz\/index.php?rest_route=\/wp\/v2\/pages"}],"about":[{"href":"https:\/\/www.pitbikemoravia.cz\/index.php?rest_route=\/wp\/v2\/types\/page"}],"author":[{"embeddable":true,"href":"https:\/\/www.pitbikemoravia.cz\/index.php?rest_route=\/wp\/v2\/users\/24098"}],"replies":[{"embeddable":true,"href":"https:\/\/www.pitbikemoravia.cz\/index.php?rest_route=%2Fwp%2Fv2%2Fcomments&post=9178"}],"version-history":[{"count":10,"href":"https:\/\/www.pitbikemoravia.cz\/index.php?rest_route=\/wp\/v2\/pages\/9178\/revisions"}],"predecessor-version":[{"id":9194,"href":"https:\/\/www.pitbikemoravia.cz\/index.php?rest_route=\/wp\/v2\/pages\/9178\/revisions\/9194"}],"wp:attachment":[{"href":"https:\/\/www.pitbikemoravia.cz\/index.php?rest_route=%2Fwp%2Fv2%2Fmedia&parent=9178"}],"curies":[{"name":"wp","href":"https:\/\/api.w.org\/{rel}","templated":true}]}}